{"id":37,"date":"2021-11-17T21:01:25","date_gmt":"2021-11-17T21:01:25","guid":{"rendered":"http:\/\/koder.biz\/?page_id=37"},"modified":"2022-05-13T19:46:03","modified_gmt":"2022-05-13T19:46:03","slug":"contact","status":"publish","type":"page","link":"http:\/\/koder.biz\/?page_id=37","title":{"rendered":"Kontakt"},"content":{"rendered":"\n<div class=\"wp-block-columns is-layout-flex wp-container-2\">\n<div class=\"wp-block-column is-layout-flow\" style=\"flex-basis:100%\"><\/div>\n<\/div>\n\n\n\n<div class=\"wp-block-columns is-layout-flex wp-container-5\">\n<div class=\"wp-block-column is-layout-flow\">\n<figure class=\"wp-block-image size-large\"><img decoding=\"async\" loading=\"lazy\" width=\"724\" height=\"1024\" src=\"http:\/\/koder.biz\/wp-content\/uploads\/2022\/04\/Projekt-bez-tytulu-724x1024.png\" alt=\"\" class=\"wp-image-74\" srcset=\"http:\/\/koder.biz\/wp-content\/uploads\/2022\/04\/Projekt-bez-tytulu-724x1024.png 724w, http:\/\/koder.biz\/wp-content\/uploads\/2022\/04\/Projekt-bez-tytulu-212x300.png 212w, http:\/\/koder.biz\/wp-content\/uploads\/2022\/04\/Projekt-bez-tytulu-768x1086.png 768w, http:\/\/koder.biz\/wp-content\/uploads\/2022\/04\/Projekt-bez-tytulu-1086x1536.png 1086w, http:\/\/koder.biz\/wp-content\/uploads\/2022\/04\/Projekt-bez-tytulu-1448x2048.png 1448w, http:\/\/koder.biz\/wp-content\/uploads\/2022\/04\/Projekt-bez-tytulu-1568x2218.png 1568w, http:\/\/koder.biz\/wp-content\/uploads\/2022\/04\/Projekt-bez-tytulu.png 1587w\" sizes=\"(max-width: 724px) 100vw, 724px\" \/><\/figure>\n<\/div>\n\n\n\n<div class=\"wp-block-column is-layout-flow\">\n<p><\/p>\n\n\n\n<p><\/p>\n\n\n\n<h2 class=\"wp-block-heading\">Seweryn Mo\u017cd\u017ce\u0144<\/h2>\n<\/div>\n<\/div>\n\n\n\n<p>Programista i jednocze\u015bnie prawnik z wykszta\u0142cenia.<\/p>\n\n\n\n<p>Od dzieci\u0144stwa tworz\u0119 strony internetowe i programy komputerowe.<\/p>\n\n\n\n<p>tel. kom. 791 86 75 99<\/p>\n\n\n\n<p>e-mail. sewerynmozdzen@op.pl<\/p>\n","protected":false},"excerpt":{"rendered":"<p>Seweryn Mo\u017cd\u017ce\u0144 Programista i jednocze\u015bnie prawnik z wykszta\u0142cenia. Od dzieci\u0144stwa tworz\u0119 strony internetowe i programy komputerowe. tel. kom. 791 86 75 99 e-mail. sewerynmozdzen@op.pl<\/p>\n","protected":false},"author":1,"featured_media":0,"parent":0,"menu_order":0,"comment_status":"closed","ping_status":"closed","template":"","meta":{"_mi_skip_tracking":false},"aioseo_notices":[],"_links":{"self":[{"href":"http:\/\/koder.biz\/index.php?rest_route=\/wp\/v2\/pages\/37"}],"collection":[{"href":"http:\/\/koder.biz\/index.php?rest_route=\/wp\/v2\/pages"}],"about":[{"href":"http:\/\/koder.biz\/index.php?rest_route=\/wp\/v2\/types\/page"}],"author":[{"embeddable":true,"href":"http:\/\/koder.biz\/index.php?rest_route=\/wp\/v2\/users\/1"}],"replies":[{"embeddable":true,"href":"http:\/\/koder.biz\/index.php?rest_route=%2Fwp%2Fv2%2Fcomments&post=37"}],"version-history":[{"count":5,"href":"http:\/\/koder.biz\/index.php?rest_route=\/wp\/v2\/pages\/37\/revisions"}],"predecessor-version":[{"id":78,"href":"http:\/\/koder.biz\/index.php?rest_route=\/wp\/v2\/pages\/37\/revisions\/78"}],"wp:attachment":[{"href":"http:\/\/koder.biz\/index.php?rest_route=%2Fwp%2Fv2%2Fmedia&parent=37"}],"curies":[{"name":"wp","href":"https:\/\/api.w.org\/{rel}","templated":true}]}}