{"id":2,"date":"2021-11-14T06:08:04","date_gmt":"2021-11-14T06:08:04","guid":{"rendered":"http:\/?page_id=2"},"modified":"2022-12-26T07:10:14","modified_gmt":"2022-12-26T07:10:14","slug":"sample-page","status":"publish","type":"page","link":"http:\/\/koder.biz\/","title":{"rendered":"koder.biz"},"content":{"rendered":"\n<h2 class=\"has-text-align-center wp-block-heading\">Zaprogramuj z nami przysz\u0142o\u015b\u0107 swojego biznesu<\/h2>\n\n\n\n<div style=\"height:44px\" aria-hidden=\"true\" class=\"wp-block-spacer\"><\/div>\n\n\n\n<h2 class=\"has-text-align-center wp-block-heading\">Z nami osi\u0105gniesz SUKCES !<\/h2>\n","protected":false},"excerpt":{"rendered":"<p>Zaprogramuj z nami przysz\u0142o\u015b\u0107 swojego biznesu Z nami osi\u0105gniesz SUKCES !<\/p>\n","protected":false},"author":1,"featured_media":0,"parent":0,"menu_order":0,"comment_status":"closed","ping_status":"open","template":"","meta":{"_mi_skip_tracking":false},"aioseo_notices":[],"_links":{"self":[{"href":"http:\/\/koder.biz\/index.php?rest_route=\/wp\/v2\/pages\/2"}],"collection":[{"href":"http:\/\/koder.biz\/index.php?rest_route=\/wp\/v2\/pages"}],"about":[{"href":"http:\/\/koder.biz\/index.php?rest_route=\/wp\/v2\/types\/page"}],"author":[{"embeddable":true,"href":"http:\/\/koder.biz\/index.php?rest_route=\/wp\/v2\/users\/1"}],"replies":[{"embeddable":true,"href":"http:\/\/koder.biz\/index.php?rest_route=%2Fwp%2Fv2%2Fcomments&post=2"}],"version-history":[{"count":6,"href":"http:\/\/koder.biz\/index.php?rest_route=\/wp\/v2\/pages\/2\/revisions"}],"predecessor-version":[{"id":101,"href":"http:\/\/koder.biz\/index.php?rest_route=\/wp\/v2\/pages\/2\/revisions\/101"}],"wp:attachment":[{"href":"http:\/\/koder.biz\/index.php?rest_route=%2Fwp%2Fv2%2Fmedia&parent=2"}],"curies":[{"name":"wp","href":"https:\/\/api.w.org\/{rel}","templated":true}]}}