{"id":111,"date":"2022-05-13T19:05:27","date_gmt":"2022-05-13T19:05:27","guid":{"rendered":"http:\/\/koder.biz\/?page_id=111"},"modified":"2022-05-13T19:46:17","modified_gmt":"2022-05-13T19:46:17","slug":"kontakt","status":"publish","type":"page","link":"http:\/\/koder.biz\/?page_id=111&lang=de","title":{"rendered":"Kontakt"},"content":{"rendered":"\n<div class=\"wp-block-columns is-layout-flex wp-container-3\">\n<div class=\"wp-block-column is-layout-flow\">\n<figure class=\"wp-block-image size-full\"><img decoding=\"async\" loading=\"lazy\" width=\"724\" height=\"1024\" src=\"http:\/\/koder.biz\/wp-content\/uploads\/2022\/05\/Projekt-bez-tytulu-724x1024-1.png\" alt=\"\" class=\"wp-image-112\" srcset=\"http:\/\/koder.biz\/wp-content\/uploads\/2022\/05\/Projekt-bez-tytulu-724x1024-1.png 724w, http:\/\/koder.biz\/wp-content\/uploads\/2022\/05\/Projekt-bez-tytulu-724x1024-1-212x300.png 212w\" sizes=\"(max-width: 724px) 100vw, 724px\" \/><\/figure>\n<\/div>\n\n\n\n<div class=\"wp-block-column is-layout-flow\">\n<p><\/p>\n\n\n\n<p><\/p>\n\n\n\n<p><\/p>\n\n\n\n<h2 class=\"wp-block-heading\">Seweryn<\/h2>\n\n\n\n<h2 class=\"wp-block-heading\">Mo\u017cd\u017ce\u0144<\/h2>\n<\/div>\n<\/div>\n\n\n\n<p>Programmierer und Jurist mit Ausbildung.<\/p>\n\n\n\n<p>Ich habe schon als Kind Websites und Computerprogramme erstellt.<\/p>\n\n\n\n<p>Mobil. +48 791 86 75 99<\/p>\n\n\n\n<p>E-Mail. sewerynmozdzen@op.pl<\/p>\n","protected":false},"excerpt":{"rendered":"<p>Seweryn Mo\u017cd\u017ce\u0144 Programmierer und Jurist mit Ausbildung. Ich habe schon als Kind Websites und Computerprogramme erstellt. Mobil. +48 791 86 75 99 E-Mail. sewerynmozdzen@op.pl<\/p>\n","protected":false},"author":1,"featured_media":0,"parent":0,"menu_order":0,"comment_status":"closed","ping_status":"closed","template":"","meta":{"_mi_skip_tracking":false},"aioseo_notices":[],"_links":{"self":[{"href":"http:\/\/koder.biz\/index.php?rest_route=\/wp\/v2\/pages\/111"}],"collection":[{"href":"http:\/\/koder.biz\/index.php?rest_route=\/wp\/v2\/pages"}],"about":[{"href":"http:\/\/koder.biz\/index.php?rest_route=\/wp\/v2\/types\/page"}],"author":[{"embeddable":true,"href":"http:\/\/koder.biz\/index.php?rest_route=\/wp\/v2\/users\/1"}],"replies":[{"embeddable":true,"href":"http:\/\/koder.biz\/index.php?rest_route=%2Fwp%2Fv2%2Fcomments&post=111"}],"version-history":[{"count":1,"href":"http:\/\/koder.biz\/index.php?rest_route=\/wp\/v2\/pages\/111\/revisions"}],"predecessor-version":[{"id":113,"href":"http:\/\/koder.biz\/index.php?rest_route=\/wp\/v2\/pages\/111\/revisions\/113"}],"wp:attachment":[{"href":"http:\/\/koder.biz\/index.php?rest_route=%2Fwp%2Fv2%2Fmedia&parent=111"}],"curies":[{"name":"wp","href":"https:\/\/api.w.org\/{rel}","templated":true}]}}